{"id":455,"date":"2018-05-30T14:36:20","date_gmt":"2018-05-30T12:36:20","guid":{"rendered":"http:\/\/www.geobio.pro\/?page_id=455"},"modified":"2018-05-30T14:36:20","modified_gmt":"2018-05-30T12:36:20","slug":"nous-contacter","status":"publish","type":"page","link":"https:\/\/www.geobio.pro\/index.php\/nous-contacter\/","title":{"rendered":"Nous contacter &#8230;"},"content":{"rendered":"<p>Vous pouvez demander une analyse G\u00e9obiologique directement par email \u00e0 l&rsquo;adresse suivante : geobio.pro@icloud.com<\/p>\n<p>Dans votre demande, nous vous remercions de bien pr\u00e9ciser les informations suivantes :<\/p>\n<p>nom, pr\u00e9nom<\/p>\n<p>t\u00e9l\u00e9phone<\/p>\n<p>zone g\u00e9ographique (d\u00e9partement, ville&#8230;)<\/p>\n<p>type de bien \u00e0 analyser (appartement \/ maison \/ local, etc)<\/p>\n<p>Nous vous recontacterons d\u00e8s que possible.<\/p>\n","protected":false},"excerpt":{"rendered":"<p>Vous pouvez demander une analyse G\u00e9obiologique directement par email \u00e0 l&rsquo;adresse suivante : geobio.pro@icloud.com Dans votre demande, nous vous remercions de bien pr\u00e9ciser les informations suivantes : nom, pr\u00e9nom t\u00e9l\u00e9phone zone g\u00e9ographique (d\u00e9partement, ville&#8230;) type de bien \u00e0 analyser (appartement \/ maison \/ local, etc) Nous vous recontacterons d\u00e8s que possible.<\/p>\n","protected":false},"author":1,"featured_media":0,"parent":0,"menu_order":0,"comment_status":"closed","ping_status":"closed","template":"","meta":[],"_links":{"self":[{"href":"https:\/\/www.geobio.pro\/index.php\/wp-json\/wp\/v2\/pages\/455"}],"collection":[{"href":"https:\/\/www.geobio.pro\/index.php\/wp-json\/wp\/v2\/pages"}],"about":[{"href":"https:\/\/www.geobio.pro\/index.php\/wp-json\/wp\/v2\/types\/page"}],"author":[{"embeddable":true,"href":"https:\/\/www.geobio.pro\/index.php\/wp-json\/wp\/v2\/users\/1"}],"replies":[{"embeddable":true,"href":"https:\/\/www.geobio.pro\/index.php\/wp-json\/wp\/v2\/comments?post=455"}],"version-history":[{"count":1,"href":"https:\/\/www.geobio.pro\/index.php\/wp-json\/wp\/v2\/pages\/455\/revisions"}],"predecessor-version":[{"id":457,"href":"https:\/\/www.geobio.pro\/index.php\/wp-json\/wp\/v2\/pages\/455\/revisions\/457"}],"wp:attachment":[{"href":"https:\/\/www.geobio.pro\/index.php\/wp-json\/wp\/v2\/media?parent=455"}],"curies":[{"name":"wp","href":"https:\/\/api.w.org\/{rel}","templated":true}]}}