{"id":29,"date":"2017-02-04T13:23:48","date_gmt":"2017-02-04T12:23:48","guid":{"rendered":"http:\/\/www.geobio.pro\/?page_id=29"},"modified":"2022-03-02T15:37:28","modified_gmt":"2022-03-02T14:37:28","slug":"une-section-de-page-daccueil","status":"publish","type":"page","link":"https:\/\/www.geobio.pro\/index.php\/accueil\/une-section-de-page-daccueil\/","title":{"rendered":"Qu\u2019est-ce que la G\u00e9obiologie ?"},"content":{"rendered":"<p>SITE EN CONSTRUCTION<span class=\"Apple-converted-space\">\u00a0&#8230;<\/span><\/p>\n<p>MERCI DE ME CONTACTER SI BESOIN DIRECTEMENT AU 0665-252-940+++<\/p>\n<p>D\u00e9finition : la G\u00e9obiologie est l&rsquo;\u00e9tude de l&rsquo;influence des lieux et de leurs impacts sur les \u00eatres vivants (mati\u00e8res organiques, animaux, v\u00e9g\u00e9taux et humains).<\/p>\n<p>L&rsquo;\u00e9tude G\u00e9obiologique\u00a0est faite sur les lieux de vie, de travail, de stockage, d\u2019\u00e9levage, de plantation, etc, afin d\u2019identifier les zones agressives \u00e9lectriques et magn\u00e9tiques qui peuvent d\u00e9grader la qualit\u00e9 d\u2019une mati\u00e8re organique sensible.<\/p>\n<p>L&rsquo;analyse G\u00e9obiologique se concentre sur trois principaux niveaux d&rsquo;agressivit\u00e9\u00a0 :<\/p>\n<p>1\/ Les agressivit\u00e9s\u00a0qui viennent du \u00ab sous-sol\u00a0\u00bb :<\/p>\n<p>Ce sont principalement les rivi\u00e8res souterraines, les failles s\u00e8ches, les perc\u00e9es de rayonnement radioactif (Gamma), le gaz radioactif Radon, etc.<\/p>\n<p>Ici, c&rsquo;est la radioactivit\u00e9 naturelle qui attaque les cellules vivantes \u00e0 travers, par exemple, une faille souterraine. En effet la concentration li\u00e9e \u00e0 la faille augmente l&rsquo;intensit\u00e9 du rayonnement radioactivit\u00e9 (Gamma). Ce dernier, s&rsquo;accumulant dans les cellules, entra\u00eene sur du plus ou moins long terme leur d\u00e9gradation. C&rsquo;est pourquoi il apparait qu&rsquo;un lot de bouteilles de vin peut se retrouver dans un m\u00eame lieu et pour une m\u00eame mill\u00e9sime certaines mauvaises alors que d&rsquo;autres seront meilleures.<\/p>\n<p>2\/ Les agressivit\u00e9s\u00a0qui se trouvent \u00ab\u00a0sur le sol\u00a0\u00bb :<\/p>\n<p>Il s&rsquo;agit d&rsquo;identifier et rechercher les r\u00e9seaux \u00e9lectromagn\u00e9tiques suivants :\u00a0<\/p>\n<ul>\n<li><span style=\"font-size: inherit;\">Curry, <\/span><\/li>\n<li><span style=\"font-size: inherit;\">Hartmann, <\/span><\/li>\n<li><span style=\"font-size: inherit;\">Grand Diagonal, <\/span><\/li>\n<li><span style=\"font-size: inherit;\">Chemin\u00e9es Cosmotelluriques,\u00a0etc&#8230;<\/span><\/li>\n<\/ul>\n<p><span style=\"font-size: inherit;\">Dans ce cas, c&rsquo;est souvent le cumul et le croisement de ces r\u00e9seaux qui entra\u00eenent une agressivit\u00e9 pour toutes les\u00a0mati\u00e8res organiques sensibles (vins, fromages, v\u00e9g\u00e9taux, etc).\u00a0<\/span><\/p>\n<p>3\/ Les agressivit\u00e9s\u00a0cr\u00e9\u00e9es par l&rsquo;Homme :<\/p>\n<p>Ici nous allons\u00a0rechercher les ondes \u00e9lectriques, magn\u00e9tiques, ainsi que les hyperfr\u00e9quences\u00a0ayant un impact direct sur les mati\u00e8res organiques sensibles.<\/p>\n<p>Cela concerne :<\/p>\n<ul>\n<li>les antennes-relais,<\/li>\n<li>les hyperfr\u00e9quences,<\/li>\n<li>le wifi,<\/li>\n<li>etc&#8230; \u00a0<\/li>\n<\/ul>\n\n\n<p><br><\/p>\n","protected":false},"excerpt":{"rendered":"<p>SITE EN CONSTRUCTION\u00a0&#8230; MERCI DE ME CONTACTER SI BESOIN DIRECTEMENT AU 0665-252-940+++ D\u00e9finition : la G\u00e9obiologie est l&rsquo;\u00e9tude de l&rsquo;influence des lieux et de leurs impacts sur les \u00eatres vivants (mati\u00e8res organiques, animaux, v\u00e9g\u00e9taux et humains). L&rsquo;\u00e9tude G\u00e9obiologique\u00a0est faite sur les lieux de vie, de travail, de stockage, d\u2019\u00e9levage, de plantation, etc, afin d\u2019identifier les &hellip; <a href=\"https:\/\/www.geobio.pro\/index.php\/accueil\/une-section-de-page-daccueil\/\" class=\"more-link\">Continuer la lecture de <span class=\"screen-reader-text\">Qu\u2019est-ce que la G\u00e9obiologie ?<\/span><\/a><\/p>\n","protected":false},"author":1,"featured_media":0,"parent":25,"menu_order":0,"comment_status":"closed","ping_status":"closed","template":"","meta":[],"_links":{"self":[{"href":"https:\/\/www.geobio.pro\/index.php\/wp-json\/wp\/v2\/pages\/29"}],"collection":[{"href":"https:\/\/www.geobio.pro\/index.php\/wp-json\/wp\/v2\/pages"}],"about":[{"href":"https:\/\/www.geobio.pro\/index.php\/wp-json\/wp\/v2\/types\/page"}],"author":[{"embeddable":true,"href":"https:\/\/www.geobio.pro\/index.php\/wp-json\/wp\/v2\/users\/1"}],"replies":[{"embeddable":true,"href":"https:\/\/www.geobio.pro\/index.php\/wp-json\/wp\/v2\/comments?post=29"}],"version-history":[{"count":90,"href":"https:\/\/www.geobio.pro\/index.php\/wp-json\/wp\/v2\/pages\/29\/revisions"}],"predecessor-version":[{"id":814,"href":"https:\/\/www.geobio.pro\/index.php\/wp-json\/wp\/v2\/pages\/29\/revisions\/814"}],"up":[{"embeddable":true,"href":"https:\/\/www.geobio.pro\/index.php\/wp-json\/wp\/v2\/pages\/25"}],"wp:attachment":[{"href":"https:\/\/www.geobio.pro\/index.php\/wp-json\/wp\/v2\/media?parent=29"}],"curies":[{"name":"wp","href":"https:\/\/api.w.org\/{rel}","templated":true}]}}