{"id":2,"date":"2017-02-04T12:47:04","date_gmt":"2017-02-04T11:47:04","guid":{"rendered":"http:\/\/www.geobio.pro\/?page_id=2"},"modified":"2022-03-01T11:15:14","modified_gmt":"2022-03-01T10:15:14","slug":"page-d-exemple","status":"publish","type":"page","link":"https:\/\/www.geobio.pro\/index.php\/accueil\/page-d-exemple\/","title":{"rendered":"Que fait le G\u00e9obiologue scientifique ?"},"content":{"rendered":"<p>Le G\u00e9obiologue intervient :<\/p>\n<ul>\n<li>\u00a0Sur les terrains \u00e0 construire en \u00e9laborant des plans et donnant des recommandations pour :<\/li>\n<\/ul>\n<p>=&gt; cr\u00e9er des lieux de stockage en vue d\u2019y positionner des mati\u00e8res organiques sensibles.<\/p>\n<p>=&gt; pour vous indiquer les emplacements de sources ou des zones dont l&rsquo;agressivit\u00e9 naturelle des sols est plus limit\u00e9e, etc.<\/p>\n<p>=&gt; pour ressentir le lieu afin de v\u00e9rifier s\u2019il n\u2019est pas nocif pour des personnes sensibles.<\/p>\n<ul>\n<li>\u00a0Sur les haras en \u00e9laborant des plans et donnant des recommandations pour :<\/li>\n<\/ul>\n<p>=&gt; pour \u00e9tablir les meilleurs emplacements en vue d\u2019installer les animaux aux bons endroits pour leur permettre, par exemple, de mettre bas dans de meilleures conditions pour une jument, de permettre \u00e0 un cheval d\u2019\u00eatre moins nerveux, etc<span class=\"Apple-converted-space\">\u00a0<\/span><\/p>\n<ul>\n<li>Chez les vignerons : (R\u00e9alisation d&rsquo;un plan).<\/li>\n<\/ul>\n<p>=&gt; pour positionner les cuves \u00e0 fermentation (vins et autres produits de m\u00eame nature) sur les meilleurs endroits pour avoir un rendement optimiser en terme de qualit\u00e9 de vieillissement. (R\u00e9alisation d&rsquo;un plan).<\/p>\n<ul>\n<li>Chez les cavistes : (R\u00e9alisation d&rsquo;un plan).<\/li>\n<\/ul>\n<p>=&gt; Pour v\u00e9rifier l&rsquo;exposition des vins existants.<\/p>\n<p>=&gt; Pour vous permettre de positionner les bouteilles aux bons endroits.<\/p>\n<p>=&gt; Pour identifier les lieux \u00e9lectriques agressifs, les autres r\u00e9seaux \u00e9lectromagn\u00e9tiques terrestres et les sources d&rsquo;eau.<\/p>\n<ul>\n<li>Dans les caves particuli\u00e8res :\u00a0<\/li>\n<\/ul>\n<p>=&gt; v\u00e9rifier la qualit\u00e9 des vins existants.<\/p>\n<p>=&gt; Organiser votre cave pour une meilleure qualit\u00e9 de stockage.<span class=\"Apple-converted-space\">\u00a0<\/span><\/p>\n<p>=&gt; limiter les effets du Radon (gaz naturel radioactif).<\/p>\n<ul>\n<li>Les habitations en \u00e9laborant des plans et donnant des recommandations :<\/li>\n<\/ul>\n<p>=&gt; avant de faire des travaux (permettre de mieux cibler vos lieux de sommeil et travail qui seront les plus int\u00e9ressant \u00e0 mettre en place).<\/p>\n<p>=&gt; d\u2019optimiser le positionnement des mat\u00e9riaux \u00e0 effet d\u2019ondes \u00e9lectromagn\u00e9tique (Hartmann, Grand Diagonale, etc.)<\/p>\n<p>=&gt; intervenir sur votre lieu de vie pour analyser les perturbations \u00e9lectriques et essayer de trouver les solutions possibles pour les \u00e9viter.<span class=\"Apple-converted-space\">\u00a0<\/span><\/p>\n<p>=&gt; intervenir avant votre achat immobilier (domicile, terrain, locaux professionnels\u2026) pour vous conseiller sur le meilleur achat \u00e0 faire dans le cadre de vos recherches.<\/p>\n\n\n<p><\/p>\n","protected":false},"excerpt":{"rendered":"<p>Le G\u00e9obiologue intervient : \u00a0Sur les terrains \u00e0 construire en \u00e9laborant des plans et donnant des recommandations pour : =&gt; cr\u00e9er des lieux de stockage en vue d\u2019y positionner des mati\u00e8res organiques sensibles. =&gt; pour vous indiquer les emplacements de sources ou des zones dont l&rsquo;agressivit\u00e9 naturelle des sols est plus limit\u00e9e, etc. =&gt; pour &hellip; <a href=\"https:\/\/www.geobio.pro\/index.php\/accueil\/page-d-exemple\/\" class=\"more-link\">Continuer la lecture de <span class=\"screen-reader-text\">Que fait le G\u00e9obiologue scientifique ?<\/span><\/a><\/p>\n","protected":false},"author":1,"featured_media":0,"parent":25,"menu_order":0,"comment_status":"closed","ping_status":"open","template":"","meta":[],"_links":{"self":[{"href":"https:\/\/www.geobio.pro\/index.php\/wp-json\/wp\/v2\/pages\/2"}],"collection":[{"href":"https:\/\/www.geobio.pro\/index.php\/wp-json\/wp\/v2\/pages"}],"about":[{"href":"https:\/\/www.geobio.pro\/index.php\/wp-json\/wp\/v2\/types\/page"}],"author":[{"embeddable":true,"href":"https:\/\/www.geobio.pro\/index.php\/wp-json\/wp\/v2\/users\/1"}],"replies":[{"embeddable":true,"href":"https:\/\/www.geobio.pro\/index.php\/wp-json\/wp\/v2\/comments?post=2"}],"version-history":[{"count":61,"href":"https:\/\/www.geobio.pro\/index.php\/wp-json\/wp\/v2\/pages\/2\/revisions"}],"predecessor-version":[{"id":783,"href":"https:\/\/www.geobio.pro\/index.php\/wp-json\/wp\/v2\/pages\/2\/revisions\/783"}],"up":[{"embeddable":true,"href":"https:\/\/www.geobio.pro\/index.php\/wp-json\/wp\/v2\/pages\/25"}],"wp:attachment":[{"href":"https:\/\/www.geobio.pro\/index.php\/wp-json\/wp\/v2\/media?parent=2"}],"curies":[{"name":"wp","href":"https:\/\/api.w.org\/{rel}","templated":true}]}}